{"id":424,"date":"2024-03-11T11:16:02","date_gmt":"2024-03-11T11:16:02","guid":{"rendered":"https:\/\/demosites.io\/neve-3\/?page_id=423"},"modified":"2024-06-17T21:21:28","modified_gmt":"2024-06-17T21:21:28","slug":"day1","status":"publish","type":"page","link":"https:\/\/baw.uav.ro\/index.php\/day1\/","title":{"rendered":"Ziua 1"},"content":{"rendered":"\n<div style=\"height:40px\" aria-hidden=\"true\" class=\"wp-block-spacer\"><\/div>\n\n\n\n<p><strong>11 MARTIE 2024<\/strong><\/p>\n\n\n\n<div class=\"wp-block-columns is-layout-flex wp-container-core-columns-is-layout-9d6595d7 wp-block-columns-is-layout-flex\">\n<div class=\"wp-block-column is-layout-flow wp-block-column-is-layout-flow\" style=\"flex-basis:10%\"><\/div>\n\n\n\n<div class=\"wp-block-column is-layout-flow wp-block-column-is-layout-flow\" style=\"flex-basis:80%\">\n<h2 class=\"wp-block-heading has-text-align-center\"><em><mark style=\"background-color:rgba(0, 0, 0, 0)\" class=\"has-inline-color has-neve-link-color-color\">EXPOZI\u021aIE DE FOTOGRAFIE \u0218I CARTE<\/mark><\/em><\/h2>\n\n\n\n<h2 class=\"wp-block-heading has-text-align-center\"><strong><mark style=\"background-color:rgba(0, 0, 0, 0)\" class=\"has-inline-color has-neve-link-color-color\">\u201eCreierul meu uimitor \u0219i creativ\u201d<\/mark><\/strong><\/h2>\n\n\n\n<p>Expozi\u021bia de fotografie \u0219i carte dedicat\u0103 creierului&nbsp; a fost organizat\u0103 la Biblioteca Jude\u021bean\u0103 \u201eA.D. Xenopol\u201d, vernisat\u0103 chiar \u00een prima zi a BAW. Expozi\u021bia a&nbsp; mai inclus vizionarea unui scurt film \u0219tiin\u021bific \u0219i realizarea la imprimanta 3D a unui creier uman \u00een format miniatural.<\/p>\n\n\n\n<p>La vernisaj a participat conducerea Universit\u0103\u021bii \u201eAurel Vlaicu\u201d, doamna Rector <strong>Ramona Lile<\/strong>,&nbsp; al\u0103turi de un public numeros reprezentat de profesori, studen\u021bi, elevi \u0219i membri ai comunit\u0103\u021bii locale.<\/p>\n\n\n\n<p>Expozi\u021bia a fost vizitat\u0103 \u00eentreaga s\u0103pt\u0103m\u00e2n\u0103 de c\u0103tre elevi din liceele partenere \u0219i alte \u0219coli din municipiu, studen\u021bi, participan\u021bi la diferite activit\u0103\u021bi ale Bibliotecii \u201eA.D. Xenopol\u201d, precum \u0219i&nbsp; de c\u0103tre membri ai comunit\u0103\u021bii locale pasiona\u021bi de domeniul provocator al neuro\u0219tiin\u021belor.<\/p>\n\n\n\n<p>Coordonator: <strong>Gabriela Gureanu<\/strong><\/p>\n\n\n\n<p>Colaboratori: <strong>Marius Stoica, Loredana Horeanu, Gabriel Constantinescu, Paul Andrei Boc\u0219a, Patricia petra Orban, Cristina Teiusanu, Ioana Nistor, Daniela Iosim<\/strong><\/p>\n\n\n\n<figure class=\"wp-block-gallery has-nested-images columns-default is-cropped wp-block-gallery-1 is-layout-flex wp-block-gallery-is-layout-flex\">\n<figure class=\"wp-block-image size-large\"><img loading=\"lazy\" decoding=\"async\" width=\"1024\" height=\"682\" data-id=\"705\" src=\"https:\/\/baw.uav.ro\/wp-content\/uploads\/2024\/06\/ADN_5113-1024x682.jpg\" alt=\"\" class=\"wp-image-705\" srcset=\"https:\/\/baw.uav.ro\/wp-content\/uploads\/2024\/06\/ADN_5113-1024x682.jpg 1024w, https:\/\/baw.uav.ro\/wp-content\/uploads\/2024\/06\/ADN_5113-300x200.jpg 300w, https:\/\/baw.uav.ro\/wp-content\/uploads\/2024\/06\/ADN_5113-768x511.jpg 768w, https:\/\/baw.uav.ro\/wp-content\/uploads\/2024\/06\/ADN_5113-1536x1022.jpg 1536w, https:\/\/baw.uav.ro\/wp-content\/uploads\/2024\/06\/ADN_5113-930x620.jpg 930w, https:\/\/baw.uav.ro\/wp-content\/uploads\/2024\/06\/ADN_5113.jpg 2048w\" sizes=\"auto, (max-width: 1024px) 100vw, 1024px\" \/><\/figure>\n\n\n\n<figure class=\"wp-block-image size-large\"><img loading=\"lazy\" decoding=\"async\" width=\"1024\" height=\"682\" data-id=\"706\" src=\"https:\/\/baw.uav.ro\/wp-content\/uploads\/2024\/06\/ADN_5116-1024x682.jpg\" alt=\"\" class=\"wp-image-706\" srcset=\"https:\/\/baw.uav.ro\/wp-content\/uploads\/2024\/06\/ADN_5116-1024x682.jpg 1024w, https:\/\/baw.uav.ro\/wp-content\/uploads\/2024\/06\/ADN_5116-300x200.jpg 300w, https:\/\/baw.uav.ro\/wp-content\/uploads\/2024\/06\/ADN_5116-768x511.jpg 768w, https:\/\/baw.uav.ro\/wp-content\/uploads\/2024\/06\/ADN_5116-1536x1022.jpg 1536w, https:\/\/baw.uav.ro\/wp-content\/uploads\/2024\/06\/ADN_5116-930x620.jpg 930w, https:\/\/baw.uav.ro\/wp-content\/uploads\/2024\/06\/ADN_5116.jpg 2048w\" sizes=\"auto, (max-width: 1024px) 100vw, 1024px\" \/><\/figure>\n\n\n\n<figure class=\"wp-block-image size-large\"><img loading=\"lazy\" decoding=\"async\" width=\"1024\" height=\"682\" data-id=\"707\" src=\"https:\/\/baw.uav.ro\/wp-content\/uploads\/2024\/06\/ADN_5117-1024x682.jpg\" alt=\"\" class=\"wp-image-707\" srcset=\"https:\/\/baw.uav.ro\/wp-content\/uploads\/2024\/06\/ADN_5117-1024x682.jpg 1024w, https:\/\/baw.uav.ro\/wp-content\/uploads\/2024\/06\/ADN_5117-300x200.jpg 300w, https:\/\/baw.uav.ro\/wp-content\/uploads\/2024\/06\/ADN_5117-768x511.jpg 768w, https:\/\/baw.uav.ro\/wp-content\/uploads\/2024\/06\/ADN_5117-1536x1022.jpg 1536w, https:\/\/baw.uav.ro\/wp-content\/uploads\/2024\/06\/ADN_5117-930x620.jpg 930w, https:\/\/baw.uav.ro\/wp-content\/uploads\/2024\/06\/ADN_5117.jpg 2048w\" sizes=\"auto, (max-width: 1024px) 100vw, 1024px\" \/><\/figure>\n\n\n\n<figure class=\"wp-block-image size-large\"><img loading=\"lazy\" decoding=\"async\" width=\"1024\" height=\"682\" data-id=\"704\" src=\"https:\/\/baw.uav.ro\/wp-content\/uploads\/2024\/06\/ADN_5114-1024x682.jpg\" alt=\"\" class=\"wp-image-704\" srcset=\"https:\/\/baw.uav.ro\/wp-content\/uploads\/2024\/06\/ADN_5114-1024x682.jpg 1024w, https:\/\/baw.uav.ro\/wp-content\/uploads\/2024\/06\/ADN_5114-300x200.jpg 300w, https:\/\/baw.uav.ro\/wp-content\/uploads\/2024\/06\/ADN_5114-768x511.jpg 768w, https:\/\/baw.uav.ro\/wp-content\/uploads\/2024\/06\/ADN_5114-1536x1022.jpg 1536w, https:\/\/baw.uav.ro\/wp-content\/uploads\/2024\/06\/ADN_5114-930x620.jpg 930w, https:\/\/baw.uav.ro\/wp-content\/uploads\/2024\/06\/ADN_5114.jpg 2048w\" sizes=\"auto, (max-width: 1024px) 100vw, 1024px\" \/><\/figure>\n\n\n\n<figure class=\"wp-block-image size-large\"><img loading=\"lazy\" decoding=\"async\" width=\"1024\" height=\"577\" data-id=\"700\" src=\"https:\/\/baw.uav.ro\/wp-content\/uploads\/2024\/06\/ADN_5119-1024x577.jpg\" alt=\"\" class=\"wp-image-700\" srcset=\"https:\/\/baw.uav.ro\/wp-content\/uploads\/2024\/06\/ADN_5119-1024x577.jpg 1024w, https:\/\/baw.uav.ro\/wp-content\/uploads\/2024\/06\/ADN_5119-300x169.jpg 300w, https:\/\/baw.uav.ro\/wp-content\/uploads\/2024\/06\/ADN_5119-768x432.jpg 768w, https:\/\/baw.uav.ro\/wp-content\/uploads\/2024\/06\/ADN_5119-1536x865.jpg 1536w, https:\/\/baw.uav.ro\/wp-content\/uploads\/2024\/06\/ADN_5119.jpg 2048w\" sizes=\"auto, (max-width: 1024px) 100vw, 1024px\" \/><\/figure>\n\n\n\n<figure class=\"wp-block-image size-large\"><img loading=\"lazy\" decoding=\"async\" width=\"1024\" height=\"969\" data-id=\"701\" src=\"https:\/\/baw.uav.ro\/wp-content\/uploads\/2024\/06\/ADN_5118-1024x969.jpg\" alt=\"\" class=\"wp-image-701\" srcset=\"https:\/\/baw.uav.ro\/wp-content\/uploads\/2024\/06\/ADN_5118-1024x969.jpg 1024w, https:\/\/baw.uav.ro\/wp-content\/uploads\/2024\/06\/ADN_5118-300x284.jpg 300w, https:\/\/baw.uav.ro\/wp-content\/uploads\/2024\/06\/ADN_5118-768x727.jpg 768w, https:\/\/baw.uav.ro\/wp-content\/uploads\/2024\/06\/ADN_5118.jpg 1440w\" sizes=\"auto, (max-width: 1024px) 100vw, 1024px\" \/><\/figure>\n\n\n\n<figure class=\"wp-block-image size-large\"><img loading=\"lazy\" decoding=\"async\" width=\"1024\" height=\"682\" data-id=\"702\" src=\"https:\/\/baw.uav.ro\/wp-content\/uploads\/2024\/06\/ADN_5115-1024x682.jpg\" alt=\"\" class=\"wp-image-702\" srcset=\"https:\/\/baw.uav.ro\/wp-content\/uploads\/2024\/06\/ADN_5115-1024x682.jpg 1024w, https:\/\/baw.uav.ro\/wp-content\/uploads\/2024\/06\/ADN_5115-300x200.jpg 300w, https:\/\/baw.uav.ro\/wp-content\/uploads\/2024\/06\/ADN_5115-768x511.jpg 768w, https:\/\/baw.uav.ro\/wp-content\/uploads\/2024\/06\/ADN_5115-1536x1022.jpg 1536w, https:\/\/baw.uav.ro\/wp-content\/uploads\/2024\/06\/ADN_5115-930x620.jpg 930w, https:\/\/baw.uav.ro\/wp-content\/uploads\/2024\/06\/ADN_5115.jpg 2048w\" sizes=\"auto, (max-width: 1024px) 100vw, 1024px\" \/><\/figure>\n\n\n\n<figure class=\"wp-block-image size-large\"><img loading=\"lazy\" decoding=\"async\" width=\"1024\" height=\"682\" data-id=\"703\" src=\"https:\/\/baw.uav.ro\/wp-content\/uploads\/2024\/06\/ADN_5112-1024x682.jpg\" alt=\"\" class=\"wp-image-703\" srcset=\"https:\/\/baw.uav.ro\/wp-content\/uploads\/2024\/06\/ADN_5112-1024x682.jpg 1024w, https:\/\/baw.uav.ro\/wp-content\/uploads\/2024\/06\/ADN_5112-300x200.jpg 300w, https:\/\/baw.uav.ro\/wp-content\/uploads\/2024\/06\/ADN_5112-768x511.jpg 768w, https:\/\/baw.uav.ro\/wp-content\/uploads\/2024\/06\/ADN_5112-1536x1022.jpg 1536w, https:\/\/baw.uav.ro\/wp-content\/uploads\/2024\/06\/ADN_5112-930x620.jpg 930w, https:\/\/baw.uav.ro\/wp-content\/uploads\/2024\/06\/ADN_5112.jpg 2048w\" sizes=\"auto, (max-width: 1024px) 100vw, 1024px\" \/><\/figure>\n<\/figure>\n<\/div>\n\n\n\n<div class=\"wp-block-column is-layout-flow wp-block-column-is-layout-flow\" style=\"flex-basis:10%\"><\/div>\n<\/div>\n","protected":false},"excerpt":{"rendered":"<p>11 MARTIE 2024 EXPOZI\u021aIE DE FOTOGRAFIE \u0218I CARTE \u201eCreierul meu uimitor \u0219i creativ\u201d Expozi\u021bia de fotografie \u0219i carte dedicat\u0103 creierului&nbsp; a fost organizat\u0103 la Biblioteca Jude\u021bean\u0103 \u201eA.D. Xenopol\u201d, vernisat\u0103 chiar \u00een prima zi a BAW. Expozi\u021bia a&nbsp; mai inclus vizionarea unui scurt film \u0219tiin\u021bific \u0219i realizarea la imprimanta 3D a unui creier uman \u00een format&hellip;&nbsp;<a href=\"https:\/\/baw.uav.ro\/index.php\/day1\/\" class=\"\" rel=\"bookmark\">Read More &raquo;<span class=\"screen-reader-text\">Ziua 1<\/span><\/a><\/p>\n","protected":false},"author":1,"featured_media":0,"parent":0,"menu_order":0,"comment_status":"closed","ping_status":"closed","template":"","meta":{"neve_meta_sidebar":"","neve_meta_container":"default","neve_meta_enable_content_width":"","neve_meta_content_width":0,"neve_meta_title_alignment":"","neve_meta_author_avatar":"","neve_post_elements_order":"","neve_meta_disable_header":"","neve_meta_disable_footer":"","neve_meta_disable_title":"on","_themeisle_gutenberg_block_has_review":false,"footnotes":""},"class_list":["post-424","page","type-page","status-publish","hentry"],"_links":{"self":[{"href":"https:\/\/baw.uav.ro\/index.php\/wp-json\/wp\/v2\/pages\/424","targetHints":{"allow":["GET"]}}],"collection":[{"href":"https:\/\/baw.uav.ro\/index.php\/wp-json\/wp\/v2\/pages"}],"about":[{"href":"https:\/\/baw.uav.ro\/index.php\/wp-json\/wp\/v2\/types\/page"}],"author":[{"embeddable":true,"href":"https:\/\/baw.uav.ro\/index.php\/wp-json\/wp\/v2\/users\/1"}],"replies":[{"embeddable":true,"href":"https:\/\/baw.uav.ro\/index.php\/wp-json\/wp\/v2\/comments?post=424"}],"version-history":[{"count":6,"href":"https:\/\/baw.uav.ro\/index.php\/wp-json\/wp\/v2\/pages\/424\/revisions"}],"predecessor-version":[{"id":709,"href":"https:\/\/baw.uav.ro\/index.php\/wp-json\/wp\/v2\/pages\/424\/revisions\/709"}],"wp:attachment":[{"href":"https:\/\/baw.uav.ro\/index.php\/wp-json\/wp\/v2\/media?parent=424"}],"curies":[{"name":"wp","href":"https:\/\/api.w.org\/{rel}","templated":true}]}}