{"id":46,"date":"2021-02-16T11:44:42","date_gmt":"2021-02-16T11:44:42","guid":{"rendered":"https:\/\/demosites.io\/neve-3\/?page_id=46"},"modified":"2024-07-30T14:00:23","modified_gmt":"2024-07-30T14:00:23","slug":"7b3c2-homepage","status":"publish","type":"page","link":"https:\/\/baw.uav.ro\/","title":{"rendered":"Acasa"},"content":{"rendered":"\n<div class=\"wp-block-cover alignfull is-light is-repeated\" style=\"min-height:600px;aspect-ratio:unset;\"><span aria-hidden=\"true\" class=\"wp-block-cover__background has-background-dim-60 has-background-dim wp-block-cover__gradient-background has-background-gradient\" style=\"background-color:#8881cd;background:linear-gradient(135deg,rgb(10,10,19) 0%,rgb(40,116,252) 100%)\"><\/span><div class=\"wp-block-cover__image-background wp-image-630 is-repeated\" style=\"background-position:50% 50%;background-image:url(https:\/\/baw.uav.ro\/wp-content\/uploads\/2024\/04\/milad-fakurian-58Z17lnVS4U-unsplash-scaled.jpg)\"><\/div><div class=\"wp-block-cover__inner-container is-layout-flow wp-block-cover-is-layout-flow\">\n<div style=\"height:40px\" aria-hidden=\"true\" class=\"wp-block-spacer\"><\/div>\n\n\n\n<div class=\"wp-block-columns are-vertically-aligned-center is-layout-flex wp-container-core-columns-is-layout-9d6595d7 wp-block-columns-is-layout-flex\">\n<div class=\"wp-block-column is-vertically-aligned-center is-layout-flow wp-block-column-is-layout-flow\" style=\"flex-basis:100%\">\n<h2 class=\"wp-block-heading has-text-align-left\" style=\"font-size:56px; color:white;\">BRAIN &nbsp;AWARENESS WEEK &nbsp;AT THE \u201eAUREL VLAICU\u201d UNIVERSITY OF ARAD<\/h2>\n\n\n\n<P class=\"wp-block-heading has-text-align-left\" style=\"font-size:24px; color:white;\">S\u0103pt\u0103m\u00e2na de con\u0219tientizare a creierului 11-15\u00a0Martie\u00a02024<\/p>\n\n\n\n<div class=\"wp-block-buttons is-layout-flex wp-block-buttons-is-layout-flex\">\n<div class=\"wp-block-button\"><a class=\"wp-block-button__link wp-element-button\" href=\"https:\/\/baw.uav.ro\/index.php\/day1\/\">Ziua 1<\/a><\/div>\n\n\n\n<div class=\"wp-block-button\"><a class=\"wp-block-button__link wp-element-button\" href=\"https:\/\/baw.uav.ro\/index.php\/day2\/\">Ziua 2<\/a><\/div>\n\n\n\n<div class=\"wp-block-button\"><a class=\"wp-block-button__link wp-element-button\" href=\"https:\/\/baw.uav.ro\/index.php\/day3\/\">Ziua 3<\/a><\/div>\n\n\n\n<div class=\"wp-block-button\"><a class=\"wp-block-button__link wp-element-button\" href=\"https:\/\/baw.uav.ro\/index.php\/day4\">Ziua 4<\/a><\/div>\n\n\n\n<div class=\"wp-block-button\"><a class=\"wp-block-button__link wp-element-button\" href=\"https:\/\/baw.uav.ro\/index.php\/day5\/\">Ziua 5<\/a><\/div>\n<\/div>\n<\/div>\n\n\n\n<div class=\"wp-block-column is-vertically-aligned-center is-layout-flow wp-block-column-is-layout-flow\" style=\"flex-basis:30%\">\n<p><\/p>\n<\/div>\n<\/div>\n\n\n\n<div style=\"height:40px\" aria-hidden=\"true\" class=\"wp-block-spacer\"><\/div>\n<\/div><\/div>\n\n\n\n<div class=\"wp-block-columns are-vertically-aligned-top is-layout-flex wp-container-core-columns-is-layout-9d6595d7 wp-block-columns-is-layout-flex\">\n<div class=\"wp-block-column is-vertically-aligned-top is-layout-flow wp-block-column-is-layout-flow\">\n<div style=\"height:16px\" aria-hidden=\"true\" class=\"wp-block-spacer\"><\/div>\n\n\n\n<h3 class=\"wp-block-heading\"><strong>Brain Awareness Week (BAW)<\/strong><\/h3>\n\n\n\n<p>Brain Awareness Week (BAW) este o campanie global\u0103, desf\u0103\u0219urat\u0103 \u00een fiecare an \u00een luna martie,&nbsp; cu scopul de a&nbsp; stimula&nbsp; interesul publicului cu privire la progresul \u0219i beneficiile cercet\u0103rii asupra creierului. S\u0103pt\u0103m\u00e2na de con\u0219tientizare a creierului &nbsp;a fost ini\u021biat\u0103 de Dana Alliance for Brain Initiatives (DABI) \u0219i European Dana Alliance for the Brain (EDAB), fiind coordonat\u0103 de Dana Foundation. \u00cenceput\u0103 \u00een anul 1996 ca un efort modest care a implicat 160 de organiza\u021bii din SUA, azi Brain Awareness Week a dob\u00e2ndit o dimensiune global\u0103 care include participarea a peste 100 de \u021b\u0103ri. Brain Awareness Week ofer\u0103 anual&nbsp; partenerilor s\u0103i oportunitatea de a desf\u0103\u0219ura activit\u0103\u021bi care pot contribui la popularizarea celor mai recente cercet\u0103ri asupra creierului \u0219i totodat\u0103 la con\u0219tientizarea publicului asupra beneficiilor.<\/p>\n\n\n\n<p>Universitatea \u201eAurel Vlaicu\u201d&nbsp; s\u0103rb\u0103tore\u0219te pentru prima dat\u0103 \u201eS\u0103pt\u0103m\u00e2na con\u0219tientiz\u0103rii creierului\u201d prin proiectul My Amazing Brain,&nbsp; derulat \u00een cadrul grantului Brain Awareness Week.&nbsp;<\/p>\n\n\n\n<h3 class=\"wp-block-heading\"><strong>MY AMAZING BRAIN<\/strong><\/h3>\n\n\n\n<p><strong>My Amazing Brain<\/strong> este un proiect interna\u021bional c\u00e2\u0219tigat&nbsp; \u00een cadrul competi\u021biei &nbsp;de granturi Brain Awareness Week 2024, finan\u021bat de Dana Foundation prin Federation of European Neuroscience&nbsp; Societes&nbsp;<\/p>\n\n\n\n<p><strong>Coordonator<\/strong>: Maria Sinaci<\/p>\n<\/div>\n<\/div>\n\n\n\n<p><strong>Institu\u021bii \u0219i centre de cercetare implicate \u00een desf\u0103\u0219urarea proiectului:<\/strong><\/p>\n\n\n\n<p>Facultatea de \u0218tiin\u021be Economice<br>Facultatea de \u0218tiin\u021be ale Educa\u021biei, Psihologie \u0219i Asisten\u021b\u0103 Social\u0103<br>Facultatea de \u0218tiin\u021be Umaniste \u0219i Sociale<br>Facultatea de Design<br>Centrul de Studii \u00een Etic\u0103 Aplicat\u0103<br>Centrul de Cercetare, Dezvoltare \u0219i Inovare \u00een Psihologie<br>Centrul de Cercet\u0103ri \u0219i Consultan\u021b\u0103 \u00een Economie<\/p>\n\n\n\n<p><strong>Parteneri:<\/strong><\/p>\n\n\n\n<ul class=\"wp-block-list\">\n<li><a href=\"https:\/\/dana.org\/\">Dana Foundation<\/a><\/li>\n\n\n\n<li><a href=\"https:\/\/www.fens.org\/\">Federation of European Neuroscience Societies (FENS);<\/a><\/li>\n\n\n\n<li><a href=\"https:\/\/artesabindragoiarad.ro\/\">Colegiul de Arte \u201eSabin Dr\u0103goi\u201d Arad;<\/a><\/li>\n\n\n\n<li><a href=\"https:\/\/ghibabirta.ro\/\">Colegiul Na\u021bional \u201eElena Ghiba Birta\u201d Arad;<\/a><\/li>\n\n\n\n<li><a href=\"https:\/\/liceul-neuman.ro\/\">Liceul Tehnologic \u201eFrancisc Neuman\u201d Arad<\/a><\/li>\n\n\n\n<li><a href=\"https:\/\/bibliotecaarad.ro\/\">Biblioteca Jude\u021bean\u0103 \u201eA.D. Xenopol\u201d Arad;<\/a><\/li>\n<\/ul>\n\n\n\n<div style=\"height:223px\" aria-hidden=\"true\" class=\"wp-block-spacer\"><\/div>\n","protected":false},"excerpt":{"rendered":"<p>Brain Awareness Week (BAW) Brain Awareness Week (BAW) este o campanie global\u0103, desf\u0103\u0219urat\u0103 \u00een fiecare an \u00een luna martie,&nbsp; cu scopul de a&nbsp; stimula&nbsp; interesul publicului cu privire la progresul \u0219i beneficiile cercet\u0103rii asupra creierului. S\u0103pt\u0103m\u00e2na de con\u0219tientizare a creierului &nbsp;a fost ini\u021biat\u0103 de Dana Alliance for Brain Initiatives (DABI) \u0219i European Dana Alliance for&hellip;&nbsp;<a href=\"https:\/\/baw.uav.ro\/\" class=\"\" rel=\"bookmark\">Read More &raquo;<span class=\"screen-reader-text\">Acasa<\/span><\/a><\/p>\n","protected":false},"author":1,"featured_media":0,"parent":0,"menu_order":0,"comment_status":"closed","ping_status":"closed","template":"","meta":{"neve_meta_sidebar":"full-width","neve_meta_container":"contained","neve_meta_enable_content_width":"on","neve_meta_content_width":100,"neve_meta_title_alignment":"","neve_meta_author_avatar":"","neve_post_elements_order":"","neve_meta_disable_header":"","neve_meta_disable_footer":"","neve_meta_disable_title":"on","_themeisle_gutenberg_block_has_review":false,"footnotes":""},"class_list":["post-46","page","type-page","status-publish","hentry"],"_links":{"self":[{"href":"https:\/\/baw.uav.ro\/index.php\/wp-json\/wp\/v2\/pages\/46","targetHints":{"allow":["GET"]}}],"collection":[{"href":"https:\/\/baw.uav.ro\/index.php\/wp-json\/wp\/v2\/pages"}],"about":[{"href":"https:\/\/baw.uav.ro\/index.php\/wp-json\/wp\/v2\/types\/page"}],"author":[{"embeddable":true,"href":"https:\/\/baw.uav.ro\/index.php\/wp-json\/wp\/v2\/users\/1"}],"replies":[{"embeddable":true,"href":"https:\/\/baw.uav.ro\/index.php\/wp-json\/wp\/v2\/comments?post=46"}],"version-history":[{"count":39,"href":"https:\/\/baw.uav.ro\/index.php\/wp-json\/wp\/v2\/pages\/46\/revisions"}],"predecessor-version":[{"id":801,"href":"https:\/\/baw.uav.ro\/index.php\/wp-json\/wp\/v2\/pages\/46\/revisions\/801"}],"wp:attachment":[{"href":"https:\/\/baw.uav.ro\/index.php\/wp-json\/wp\/v2\/media?parent=46"}],"curies":[{"name":"wp","href":"https:\/\/api.w.org\/{rel}","templated":true}]}}