{"id":661,"date":"2024-03-12T21:13:07","date_gmt":"2024-03-12T21:13:07","guid":{"rendered":"https:\/\/baw.uav.ro\/?page_id=661"},"modified":"2024-06-17T21:23:02","modified_gmt":"2024-06-17T21:23:02","slug":"day2","status":"publish","type":"page","link":"https:\/\/baw.uav.ro\/index.php\/day2\/","title":{"rendered":"Ziua 2"},"content":{"rendered":"\n<div style=\"height:40px\" aria-hidden=\"true\" class=\"wp-block-spacer\"><\/div>\n\n\n\n<p><strong>12 MARTIE 2024<\/strong><\/p>\n\n\n\n<h2 class=\"wp-block-heading has-text-align-center\"><strong><em><mark style=\"background-color:rgba(0, 0, 0, 0)\" class=\"has-inline-color has-neve-link-color-color\">CONFERIN\u021aA NA\u021aIONAL\u0102 MULTIDISCIPLINAR\u0102<\/mark><\/em><\/strong><\/h2>\n\n\n\n<h3 class=\"wp-block-heading has-text-align-center\"><strong><em>\u201eBRAIN, NEUROSCIENCES AND SOCIETY\u201d<\/em><\/strong><\/h3>\n\n\n\n<div class=\"wp-block-columns is-layout-flex wp-container-core-columns-is-layout-9d6595d7 wp-block-columns-is-layout-flex\">\n<div class=\"wp-block-column is-layout-flow wp-block-column-is-layout-flow\" style=\"flex-basis:10%\"><\/div>\n\n\n\n<div class=\"wp-block-column is-layout-flow wp-block-column-is-layout-flow\" style=\"flex-basis:80%\">\n<p><strong>Locatia: <\/strong><a href=\"https:\/\/www.uav.ro\">Universitatea \u201eAurel Vlaicu\u201d, Complex M<\/a><br><strong>Format:<\/strong> hibrid<\/p>\n\n\n\n<p><strong>Invited Speakeri:<\/strong><br><strong>Ion Craiovan<\/strong> &#8211; membru al Academia Europaea \u0219i Ambasador emerit al spiritualit\u0103\u021bii rom\u00e2ne\u0219ti;<br><strong>Henrietta \u0218erban<\/strong> &#8211; Institutul de Filosofie \u0219i Psihologie \u201eConstantin R\u0103dulescu &#8211; Motru\u201d al Academiei Rom\u00e2ne, Institutul de \u0218tiin\u021be Politice \u0219i Rela\u021bii Interna\u021bionale \u201eIon I. C. Br\u0103tianu\u201d al Academiei Rom\u00e2ne;<br><strong>Bogdan Danciu<\/strong> &#8211; Institutul de Filosofie \u015fi Psihologie \u201eConstantin R\u0103dulescu-Motru\u201d al Academiei Rom\u00e2ne, Universitatea Spiru Haret Bucure\u015fti<br><strong>Valeriu Beiu<\/strong> &#8211; Universitatea \u201eAurel Vlaicu\u201d din Arad.<\/p>\n\n\n\n<p>Conferin\u021baa reunit peste 94 titluri de comunic\u0103ri \u00een elaborarea c\u0103rora s-au implicat peste 127 cercet\u0103tori, profesori \u0219i speciali\u0219ti din domenii foarte variate, precum drept, psihologie, filosofie, economie, filologie, nutri\u021bie, design, muzic\u0103, biologie, medicin\u0103, informatic\u0103. Participan\u021bii, provenind de la 27 universit\u0103\u021bi \u0219i institute de cercetare din Rom\u00e2nia, au eviden\u021biat cele mai recente abord\u0103ri \u0219i cercet\u0103ri \u0219tiin\u021bifice asupra creierului<\/p>\n\n\n\n<p>Deschiderea evenimentului a avut loc \u00een prezen\u021ba dlui Primar al Municipiului Arad &#8211; <strong>C\u0103lin Bibar\u021b<\/strong>, dnei Rector <strong>Ramona LILE<\/strong>, d-lui Prorector <strong>Teodor Cilan<\/strong>, precum \u0219i a decanilor facult\u0103\u021bilor implicate \u00een proiect, conf. dr. <strong>Alina P\u0103durean<\/strong>-FSUS, prof. univ. dr. <strong>Alina Roman<\/strong>-FSEPAS, conf. dr. <strong>Grigorie Sanda<\/strong>-FSE \u0219i a directorului de grant Brain Awareness Week, <strong>Maria Sinaci<\/strong>.<\/p>\n\n\n\n<figure class=\"wp-block-gallery has-nested-images columns-default is-cropped wp-block-gallery-1 is-layout-flex wp-block-gallery-is-layout-flex\">\n<figure class=\"wp-block-image size-large\"><img loading=\"lazy\" decoding=\"async\" width=\"1024\" height=\"735\" data-id=\"714\" src=\"https:\/\/baw.uav.ro\/wp-content\/uploads\/2024\/06\/ADN_5831-1024x735.jpg\" alt=\"\" class=\"wp-image-714\" srcset=\"https:\/\/baw.uav.ro\/wp-content\/uploads\/2024\/06\/ADN_5831-1024x735.jpg 1024w, https:\/\/baw.uav.ro\/wp-content\/uploads\/2024\/06\/ADN_5831-300x215.jpg 300w, https:\/\/baw.uav.ro\/wp-content\/uploads\/2024\/06\/ADN_5831-768x551.jpg 768w, https:\/\/baw.uav.ro\/wp-content\/uploads\/2024\/06\/ADN_5831.jpg 1210w\" sizes=\"auto, (max-width: 1024px) 100vw, 1024px\" \/><\/figure>\n\n\n\n<figure class=\"wp-block-image size-large\"><img loading=\"lazy\" decoding=\"async\" width=\"1024\" height=\"1024\" data-id=\"710\" src=\"https:\/\/baw.uav.ro\/wp-content\/uploads\/2024\/06\/ADN_5823-1024x1024.jpg\" alt=\"\" class=\"wp-image-710\" srcset=\"https:\/\/baw.uav.ro\/wp-content\/uploads\/2024\/06\/ADN_5823-1024x1024.jpg 1024w, https:\/\/baw.uav.ro\/wp-content\/uploads\/2024\/06\/ADN_5823-300x300.jpg 300w, https:\/\/baw.uav.ro\/wp-content\/uploads\/2024\/06\/ADN_5823-150x150.jpg 150w, https:\/\/baw.uav.ro\/wp-content\/uploads\/2024\/06\/ADN_5823-768x768.jpg 768w, https:\/\/baw.uav.ro\/wp-content\/uploads\/2024\/06\/ADN_5823.jpg 1363w\" sizes=\"auto, (max-width: 1024px) 100vw, 1024px\" \/><\/figure>\n\n\n\n<figure class=\"wp-block-image size-large\"><img loading=\"lazy\" decoding=\"async\" width=\"1024\" height=\"875\" data-id=\"712\" src=\"https:\/\/baw.uav.ro\/wp-content\/uploads\/2024\/06\/ADN_5829-1024x875.jpg\" alt=\"\" class=\"wp-image-712\" srcset=\"https:\/\/baw.uav.ro\/wp-content\/uploads\/2024\/06\/ADN_5829-1024x875.jpg 1024w, https:\/\/baw.uav.ro\/wp-content\/uploads\/2024\/06\/ADN_5829-300x256.jpg 300w, https:\/\/baw.uav.ro\/wp-content\/uploads\/2024\/06\/ADN_5829-768x656.jpg 768w, https:\/\/baw.uav.ro\/wp-content\/uploads\/2024\/06\/ADN_5829-1536x1312.jpg 1536w, https:\/\/baw.uav.ro\/wp-content\/uploads\/2024\/06\/ADN_5829.jpg 1596w\" sizes=\"auto, (max-width: 1024px) 100vw, 1024px\" \/><\/figure>\n\n\n\n<figure class=\"wp-block-image size-large\"><img loading=\"lazy\" decoding=\"async\" width=\"725\" height=\"1024\" data-id=\"713\" src=\"https:\/\/baw.uav.ro\/wp-content\/uploads\/2024\/06\/ADN_2-725x1024.jpg\" alt=\"\" class=\"wp-image-713\" srcset=\"https:\/\/baw.uav.ro\/wp-content\/uploads\/2024\/06\/ADN_2-725x1024.jpg 725w, https:\/\/baw.uav.ro\/wp-content\/uploads\/2024\/06\/ADN_2-212x300.jpg 212w, https:\/\/baw.uav.ro\/wp-content\/uploads\/2024\/06\/ADN_2-768x1085.jpg 768w, https:\/\/baw.uav.ro\/wp-content\/uploads\/2024\/06\/ADN_2-1087x1536.jpg 1087w, https:\/\/baw.uav.ro\/wp-content\/uploads\/2024\/06\/ADN_2.jpg 1449w\" sizes=\"auto, (max-width: 725px) 100vw, 725px\" \/><\/figure>\n\n\n\n<figure class=\"wp-block-image size-large\"><img loading=\"lazy\" decoding=\"async\" width=\"1024\" height=\"768\" data-id=\"711\" src=\"https:\/\/baw.uav.ro\/wp-content\/uploads\/2024\/06\/ADN_5830-1024x768.jpeg\" alt=\"\" class=\"wp-image-711\" srcset=\"https:\/\/baw.uav.ro\/wp-content\/uploads\/2024\/06\/ADN_5830-1024x768.jpeg 1024w, https:\/\/baw.uav.ro\/wp-content\/uploads\/2024\/06\/ADN_5830-300x225.jpeg 300w, https:\/\/baw.uav.ro\/wp-content\/uploads\/2024\/06\/ADN_5830-768x576.jpeg 768w, https:\/\/baw.uav.ro\/wp-content\/uploads\/2024\/06\/ADN_5830-1536x1152.jpeg 1536w, https:\/\/baw.uav.ro\/wp-content\/uploads\/2024\/06\/ADN_5830.jpeg 2000w\" sizes=\"auto, (max-width: 1024px) 100vw, 1024px\" \/><\/figure>\n\n\n\n<figure class=\"wp-block-image size-large\"><img loading=\"lazy\" decoding=\"async\" width=\"1024\" height=\"682\" data-id=\"717\" src=\"https:\/\/baw.uav.ro\/wp-content\/uploads\/2024\/06\/ADN_5700-1024x682.jpg\" alt=\"\" class=\"wp-image-717\" srcset=\"https:\/\/baw.uav.ro\/wp-content\/uploads\/2024\/06\/ADN_5700-1024x682.jpg 1024w, https:\/\/baw.uav.ro\/wp-content\/uploads\/2024\/06\/ADN_5700-300x200.jpg 300w, https:\/\/baw.uav.ro\/wp-content\/uploads\/2024\/06\/ADN_5700-768x511.jpg 768w, https:\/\/baw.uav.ro\/wp-content\/uploads\/2024\/06\/ADN_5700-1536x1022.jpg 1536w, https:\/\/baw.uav.ro\/wp-content\/uploads\/2024\/06\/ADN_5700-930x620.jpg 930w, https:\/\/baw.uav.ro\/wp-content\/uploads\/2024\/06\/ADN_5700.jpg 2048w\" sizes=\"auto, (max-width: 1024px) 100vw, 1024px\" \/><\/figure>\n\n\n\n<figure class=\"wp-block-image size-large\"><img loading=\"lazy\" decoding=\"async\" width=\"1024\" height=\"682\" data-id=\"715\" src=\"https:\/\/baw.uav.ro\/wp-content\/uploads\/2024\/06\/ADN_5735-1024x682.jpg\" alt=\"\" class=\"wp-image-715\" srcset=\"https:\/\/baw.uav.ro\/wp-content\/uploads\/2024\/06\/ADN_5735-1024x682.jpg 1024w, https:\/\/baw.uav.ro\/wp-content\/uploads\/2024\/06\/ADN_5735-300x200.jpg 300w, https:\/\/baw.uav.ro\/wp-content\/uploads\/2024\/06\/ADN_5735-768x511.jpg 768w, https:\/\/baw.uav.ro\/wp-content\/uploads\/2024\/06\/ADN_5735-1536x1022.jpg 1536w, https:\/\/baw.uav.ro\/wp-content\/uploads\/2024\/06\/ADN_5735-930x620.jpg 930w, https:\/\/baw.uav.ro\/wp-content\/uploads\/2024\/06\/ADN_5735.jpg 2048w\" sizes=\"auto, (max-width: 1024px) 100vw, 1024px\" \/><\/figure>\n\n\n\n<figure class=\"wp-block-image size-large\"><img loading=\"lazy\" decoding=\"async\" width=\"1024\" height=\"682\" data-id=\"716\" src=\"https:\/\/baw.uav.ro\/wp-content\/uploads\/2024\/06\/ADN_5822-1024x682.jpg\" alt=\"\" class=\"wp-image-716\" srcset=\"https:\/\/baw.uav.ro\/wp-content\/uploads\/2024\/06\/ADN_5822-1024x682.jpg 1024w, https:\/\/baw.uav.ro\/wp-content\/uploads\/2024\/06\/ADN_5822-300x200.jpg 300w, https:\/\/baw.uav.ro\/wp-content\/uploads\/2024\/06\/ADN_5822-768x511.jpg 768w, https:\/\/baw.uav.ro\/wp-content\/uploads\/2024\/06\/ADN_5822-1536x1022.jpg 1536w, https:\/\/baw.uav.ro\/wp-content\/uploads\/2024\/06\/ADN_5822-930x620.jpg 930w, https:\/\/baw.uav.ro\/wp-content\/uploads\/2024\/06\/ADN_5822.jpg 2048w\" sizes=\"auto, (max-width: 1024px) 100vw, 1024px\" \/><\/figure>\n<\/figure>\n\n\n\n<p><\/p>\n\n\n\n<h2 class=\"wp-block-heading has-text-align-center\"><strong><em><mark style=\"background-color:rgba(0, 0, 0, 0)\" class=\"has-inline-color has-neve-link-color-color\">WORKSHOP&nbsp; STUDEN\u021aESC&nbsp;&nbsp; \u201eBRAIN ON MUSIC\u201d<\/mark><\/em><\/strong><\/h2>\n\n\n\n<p>Loca\u021bia: <a href=\"https:\/\/www.uav.ro\">Universitatea \u201eAurel Vlaicu\u201d, Complex M<\/a><br><a href=\"https:\/\/stiinteumaniste.uav.ro\/\">Facultatea de \u0218tiin\u021be Umaniste \u0219i Sociale<\/a><br>Coordonator: <strong>Veronica Demenescu<\/strong><\/p>\n\n\n\n<p>Profesorii <strong>Veronica Demenescu<\/strong> \u0219i<strong> Ion Ardereanu<\/strong>, \u00eempreun\u0103 cu studen\u021bi din cadrul Programului de licen\u021b\u0103 Muzic\u0103 au explorat leg\u0103turile dintre creier \u0219i muzic\u0103, \u00eentr-o simfonie tematic\u0103:<\/p>\n\n\n\n<p><strong>Veronica Laura DEMENESCU<\/strong> \u2013 Terapia prin practica muzical\u0103<br><strong>Ion Alexandru ARDEREANU<\/strong> \u2013 Efectele muzicii religioase asupra creierului uman<br><strong>Ariana I\u0218FAN POPOVICI<\/strong> \u2013 Brain on music. Study<br><strong>Raul TALP\u0102<\/strong> \u2013 Interac\u021biunea muzicii cu creierul adolescentului<br><strong>Marius TRANDAFIR<\/strong> \u2013 Explorarea efectelor muzicii asupra creierului uman<br><strong>Felix NEDA<\/strong> &#8211; Brain on music. Study<br>Prezent\u0103rile Power Point \u0219i comunic\u0103rile, \u00een general, au fost \u00eenso\u021bite de scurte videoclipuri \u0219i, desigur, de fragmente muzicale.<\/p>\n\n\n\n<figure class=\"wp-block-gallery has-nested-images columns-default is-cropped wp-block-gallery-2 is-layout-flex wp-block-gallery-is-layout-flex\">\n<figure class=\"wp-block-image size-large\"><img loading=\"lazy\" decoding=\"async\" width=\"768\" height=\"1024\" data-id=\"720\" src=\"https:\/\/baw.uav.ro\/wp-content\/uploads\/2024\/06\/433542283_3736588566629649_3683510101793568431_n-768x1024.jpg\" alt=\"\" class=\"wp-image-720\" srcset=\"https:\/\/baw.uav.ro\/wp-content\/uploads\/2024\/06\/433542283_3736588566629649_3683510101793568431_n-768x1024.jpg 768w, https:\/\/baw.uav.ro\/wp-content\/uploads\/2024\/06\/433542283_3736588566629649_3683510101793568431_n-225x300.jpg 225w, https:\/\/baw.uav.ro\/wp-content\/uploads\/2024\/06\/433542283_3736588566629649_3683510101793568431_n-1152x1536.jpg 1152w, https:\/\/baw.uav.ro\/wp-content\/uploads\/2024\/06\/433542283_3736588566629649_3683510101793568431_n.jpg 1500w\" sizes=\"auto, (max-width: 768px) 100vw, 768px\" \/><\/figure>\n\n\n\n<figure class=\"wp-block-image size-large\"><img loading=\"lazy\" decoding=\"async\" width=\"768\" height=\"1024\" data-id=\"719\" src=\"https:\/\/baw.uav.ro\/wp-content\/uploads\/2024\/06\/431125832_3736824646606041_1605716108067961571_n-768x1024.jpg\" alt=\"\" class=\"wp-image-719\" srcset=\"https:\/\/baw.uav.ro\/wp-content\/uploads\/2024\/06\/431125832_3736824646606041_1605716108067961571_n-768x1024.jpg 768w, https:\/\/baw.uav.ro\/wp-content\/uploads\/2024\/06\/431125832_3736824646606041_1605716108067961571_n-225x300.jpg 225w, https:\/\/baw.uav.ro\/wp-content\/uploads\/2024\/06\/431125832_3736824646606041_1605716108067961571_n-1152x1536.jpg 1152w, https:\/\/baw.uav.ro\/wp-content\/uploads\/2024\/06\/431125832_3736824646606041_1605716108067961571_n.jpg 1500w\" sizes=\"auto, (max-width: 768px) 100vw, 768px\" \/><\/figure>\n\n\n\n<figure class=\"wp-block-image size-large\"><img loading=\"lazy\" decoding=\"async\" width=\"905\" height=\"1024\" data-id=\"721\" src=\"https:\/\/baw.uav.ro\/wp-content\/uploads\/2024\/06\/432274593_3734256663529506_496676848645261513_n-905x1024.jpg\" alt=\"\" class=\"wp-image-721\" srcset=\"https:\/\/baw.uav.ro\/wp-content\/uploads\/2024\/06\/432274593_3734256663529506_496676848645261513_n-905x1024.jpg 905w, https:\/\/baw.uav.ro\/wp-content\/uploads\/2024\/06\/432274593_3734256663529506_496676848645261513_n-265x300.jpg 265w, https:\/\/baw.uav.ro\/wp-content\/uploads\/2024\/06\/432274593_3734256663529506_496676848645261513_n-768x869.jpg 768w, https:\/\/baw.uav.ro\/wp-content\/uploads\/2024\/06\/432274593_3734256663529506_496676848645261513_n.jpg 1104w\" sizes=\"auto, (max-width: 905px) 100vw, 905px\" \/><\/figure>\n\n\n\n<figure class=\"wp-block-image size-large\"><img loading=\"lazy\" decoding=\"async\" width=\"768\" height=\"1024\" data-id=\"722\" src=\"https:\/\/baw.uav.ro\/wp-content\/uploads\/2024\/06\/WhatsApp-Image-2024-03-12-at-15.31.01-2-768x1024.jpeg\" alt=\"\" class=\"wp-image-722\" srcset=\"https:\/\/baw.uav.ro\/wp-content\/uploads\/2024\/06\/WhatsApp-Image-2024-03-12-at-15.31.01-2-768x1024.jpeg 768w, https:\/\/baw.uav.ro\/wp-content\/uploads\/2024\/06\/WhatsApp-Image-2024-03-12-at-15.31.01-2-225x300.jpeg 225w, https:\/\/baw.uav.ro\/wp-content\/uploads\/2024\/06\/WhatsApp-Image-2024-03-12-at-15.31.01-2-1152x1536.jpeg 1152w, https:\/\/baw.uav.ro\/wp-content\/uploads\/2024\/06\/WhatsApp-Image-2024-03-12-at-15.31.01-2.jpeg 1500w\" sizes=\"auto, (max-width: 768px) 100vw, 768px\" \/><\/figure>\n\n\n\n<figure class=\"wp-block-image size-large\"><img loading=\"lazy\" decoding=\"async\" width=\"768\" height=\"1024\" data-id=\"723\" src=\"https:\/\/baw.uav.ro\/wp-content\/uploads\/2024\/06\/WhatsApp-Image-2024-03-12-at-15.31.02-768x1024.jpeg\" alt=\"\" class=\"wp-image-723\" srcset=\"https:\/\/baw.uav.ro\/wp-content\/uploads\/2024\/06\/WhatsApp-Image-2024-03-12-at-15.31.02-768x1024.jpeg 768w, https:\/\/baw.uav.ro\/wp-content\/uploads\/2024\/06\/WhatsApp-Image-2024-03-12-at-15.31.02-225x300.jpeg 225w, https:\/\/baw.uav.ro\/wp-content\/uploads\/2024\/06\/WhatsApp-Image-2024-03-12-at-15.31.02-1152x1536.jpeg 1152w, https:\/\/baw.uav.ro\/wp-content\/uploads\/2024\/06\/WhatsApp-Image-2024-03-12-at-15.31.02.jpeg 1500w\" sizes=\"auto, (max-width: 768px) 100vw, 768px\" \/><\/figure>\n\n\n\n<figure class=\"wp-block-image size-large\"><img loading=\"lazy\" decoding=\"async\" width=\"768\" height=\"1024\" data-id=\"724\" src=\"https:\/\/baw.uav.ro\/wp-content\/uploads\/2024\/06\/WhatsApp-Image-2024-03-12-at-15.31.40-768x1024.jpeg\" alt=\"\" class=\"wp-image-724\" srcset=\"https:\/\/baw.uav.ro\/wp-content\/uploads\/2024\/06\/WhatsApp-Image-2024-03-12-at-15.31.40-768x1024.jpeg 768w, https:\/\/baw.uav.ro\/wp-content\/uploads\/2024\/06\/WhatsApp-Image-2024-03-12-at-15.31.40-225x300.jpeg 225w, https:\/\/baw.uav.ro\/wp-content\/uploads\/2024\/06\/WhatsApp-Image-2024-03-12-at-15.31.40-1152x1536.jpeg 1152w, https:\/\/baw.uav.ro\/wp-content\/uploads\/2024\/06\/WhatsApp-Image-2024-03-12-at-15.31.40.jpeg 1200w\" sizes=\"auto, (max-width: 768px) 100vw, 768px\" \/><\/figure>\n<\/figure>\n<\/div>\n\n\n\n<div class=\"wp-block-column is-layout-flow wp-block-column-is-layout-flow\" style=\"flex-basis:10%\"><\/div>\n<\/div>\n","protected":false},"excerpt":{"rendered":"<p>12 MARTIE 2024 CONFERIN\u021aA NA\u021aIONAL\u0102 MULTIDISCIPLINAR\u0102 \u201eBRAIN, NEUROSCIENCES AND SOCIETY\u201d Locatia: Universitatea \u201eAurel Vlaicu\u201d, Complex MFormat: hibrid Invited Speakeri:Ion Craiovan &#8211; membru al Academia Europaea \u0219i Ambasador emerit al spiritualit\u0103\u021bii rom\u00e2ne\u0219ti;Henrietta \u0218erban &#8211; Institutul de Filosofie \u0219i Psihologie \u201eConstantin R\u0103dulescu &#8211; Motru\u201d al Academiei Rom\u00e2ne, Institutul de \u0218tiin\u021be Politice \u0219i Rela\u021bii Interna\u021bionale \u201eIon I. C.&hellip;&nbsp;<a href=\"https:\/\/baw.uav.ro\/index.php\/day2\/\" class=\"\" rel=\"bookmark\">Read More &raquo;<span class=\"screen-reader-text\">Ziua 2<\/span><\/a><\/p>\n","protected":false},"author":1,"featured_media":0,"parent":0,"menu_order":0,"comment_status":"closed","ping_status":"closed","template":"","meta":{"neve_meta_sidebar":"","neve_meta_container":"default","neve_meta_enable_content_width":"","neve_meta_content_width":0,"neve_meta_title_alignment":"","neve_meta_author_avatar":"","neve_post_elements_order":"","neve_meta_disable_header":"","neve_meta_disable_footer":"","neve_meta_disable_title":"on","_themeisle_gutenberg_block_has_review":false,"footnotes":""},"class_list":["post-661","page","type-page","status-publish","hentry"],"_links":{"self":[{"href":"https:\/\/baw.uav.ro\/index.php\/wp-json\/wp\/v2\/pages\/661","targetHints":{"allow":["GET"]}}],"collection":[{"href":"https:\/\/baw.uav.ro\/index.php\/wp-json\/wp\/v2\/pages"}],"about":[{"href":"https:\/\/baw.uav.ro\/index.php\/wp-json\/wp\/v2\/types\/page"}],"author":[{"embeddable":true,"href":"https:\/\/baw.uav.ro\/index.php\/wp-json\/wp\/v2\/users\/1"}],"replies":[{"embeddable":true,"href":"https:\/\/baw.uav.ro\/index.php\/wp-json\/wp\/v2\/comments?post=661"}],"version-history":[{"count":6,"href":"https:\/\/baw.uav.ro\/index.php\/wp-json\/wp\/v2\/pages\/661\/revisions"}],"predecessor-version":[{"id":725,"href":"https:\/\/baw.uav.ro\/index.php\/wp-json\/wp\/v2\/pages\/661\/revisions\/725"}],"wp:attachment":[{"href":"https:\/\/baw.uav.ro\/index.php\/wp-json\/wp\/v2\/media?parent=661"}],"curies":[{"name":"wp","href":"https:\/\/api.w.org\/{rel}","templated":true}]}}