{"id":677,"date":"2024-03-14T21:43:01","date_gmt":"2024-03-14T21:43:01","guid":{"rendered":"https:\/\/baw.uav.ro\/?page_id=677"},"modified":"2024-09-16T13:08:45","modified_gmt":"2024-09-16T13:08:45","slug":"day4","status":"publish","type":"page","link":"https:\/\/baw.uav.ro\/index.php\/day4\/","title":{"rendered":"Ziua 4"},"content":{"rendered":"\n<div style=\"height:40px\" aria-hidden=\"true\" class=\"wp-block-spacer\"><\/div>\n\n\n\n<p><strong>14 MARTIE 2024<\/strong><\/p>\n\n\n\n<div class=\"wp-block-columns is-layout-flex wp-container-core-columns-is-layout-9d6595d7 wp-block-columns-is-layout-flex\">\n<div class=\"wp-block-column is-layout-flow wp-block-column-is-layout-flow\" style=\"flex-basis:10%\"><\/div>\n\n\n\n<div class=\"wp-block-column is-layout-flow wp-block-column-is-layout-flow\" style=\"flex-basis:80%\">\n<h2 class=\"wp-block-heading has-text-align-center\"><strong><em><mark style=\"background-color:rgba(0, 0, 0, 0)\" class=\"has-inline-color has-neve-link-color-color\"><strong><em>WORKSHOP CADRE DIDACTICE<\/em><\/strong><\/mark><mark style=\"background-color:rgba(0, 0, 0, 0)\" class=\"has-inline-color has-neve-link-color-color\"><\/mark><\/em><\/strong><\/h2>\n\n\n\n<h3 class=\"wp-block-heading has-text-align-center\"><strong><strong>Profesioni\u0219ti \u00een educa\u021bie<\/strong><\/strong><\/h3>\n\n\n\n<p><br><\/p>\n\n\n\n<p><strong>Neuro\u0219tiin\u021bele \u0219i viitorul \u00eenv\u0103\u021b\u0103rii<\/strong><br><a href=\"https:\/\/psihologie.uav.ro\/\">Facultatea de \u0218tiin\u021be ale Educa\u021biei, Psihologie \u0219i Asisten\u021b\u0103 Social\u0103<\/a><br>Coordonator: <strong>Alina Roman<\/strong><br>Un num\u0103r de 35 de profesori din \u00eenv\u0103\u021b\u0103m\u00e2ntul primar \u0219i pre\u0219colar au participat la acest workshop \u00een cadrul c\u0103ruia au abordat leg\u0103tura dintre neuro\u0219tiin\u021be \u0219i \u00eenv\u0103\u021bare. Modelul din \u0219tiin\u021ba \u00eenv\u0103\u021b\u0103rii analizat \u0219i experimentat de participan\u021bi a fost Implicare &#8211; Construc\u021bie- Aprofundare.<\/p>\n\n\n\n<figure class=\"wp-block-gallery has-nested-images columns-default is-cropped wp-block-gallery-1 is-layout-flex wp-block-gallery-is-layout-flex\">\n<figure class=\"wp-block-image size-large\"><img loading=\"lazy\" decoding=\"async\" width=\"461\" height=\"1024\" data-id=\"774\" src=\"https:\/\/baw.uav.ro\/wp-content\/uploads\/2024\/06\/432451126_3736818663273306_2592549581435373398_n-1-461x1024.jpg\" alt=\"\" class=\"wp-image-774\" srcset=\"https:\/\/baw.uav.ro\/wp-content\/uploads\/2024\/06\/432451126_3736818663273306_2592549581435373398_n-1-461x1024.jpg 461w, https:\/\/baw.uav.ro\/wp-content\/uploads\/2024\/06\/432451126_3736818663273306_2592549581435373398_n-1-135x300.jpg 135w, https:\/\/baw.uav.ro\/wp-content\/uploads\/2024\/06\/432451126_3736818663273306_2592549581435373398_n-1-692x1536.jpg 692w, https:\/\/baw.uav.ro\/wp-content\/uploads\/2024\/06\/432451126_3736818663273306_2592549581435373398_n-1.jpg 721w\" sizes=\"auto, (max-width: 461px) 100vw, 461px\" \/><\/figure>\n\n\n\n<figure class=\"wp-block-image size-large\"><img loading=\"lazy\" decoding=\"async\" width=\"461\" height=\"1024\" data-id=\"771\" src=\"https:\/\/baw.uav.ro\/wp-content\/uploads\/2024\/06\/431866828_3735624576726048_2516147546865296003_n-461x1024.jpg\" alt=\"\" class=\"wp-image-771\" srcset=\"https:\/\/baw.uav.ro\/wp-content\/uploads\/2024\/06\/431866828_3735624576726048_2516147546865296003_n-461x1024.jpg 461w, https:\/\/baw.uav.ro\/wp-content\/uploads\/2024\/06\/431866828_3735624576726048_2516147546865296003_n-135x300.jpg 135w, https:\/\/baw.uav.ro\/wp-content\/uploads\/2024\/06\/431866828_3735624576726048_2516147546865296003_n-692x1536.jpg 692w, https:\/\/baw.uav.ro\/wp-content\/uploads\/2024\/06\/431866828_3735624576726048_2516147546865296003_n.jpg 721w\" sizes=\"auto, (max-width: 461px) 100vw, 461px\" \/><\/figure>\n\n\n\n<figure class=\"wp-block-image size-large\"><img loading=\"lazy\" decoding=\"async\" width=\"461\" height=\"1024\" data-id=\"772\" src=\"https:\/\/baw.uav.ro\/wp-content\/uploads\/2024\/06\/432276812_3736818876606618_3754515849249217378_n-461x1024.jpg\" alt=\"\" class=\"wp-image-772\" srcset=\"https:\/\/baw.uav.ro\/wp-content\/uploads\/2024\/06\/432276812_3736818876606618_3754515849249217378_n-461x1024.jpg 461w, https:\/\/baw.uav.ro\/wp-content\/uploads\/2024\/06\/432276812_3736818876606618_3754515849249217378_n-135x300.jpg 135w, https:\/\/baw.uav.ro\/wp-content\/uploads\/2024\/06\/432276812_3736818876606618_3754515849249217378_n-692x1536.jpg 692w, https:\/\/baw.uav.ro\/wp-content\/uploads\/2024\/06\/432276812_3736818876606618_3754515849249217378_n.jpg 721w\" sizes=\"auto, (max-width: 461px) 100vw, 461px\" \/><\/figure>\n\n\n\n<figure class=\"wp-block-image size-large\"><img loading=\"lazy\" decoding=\"async\" width=\"461\" height=\"1024\" data-id=\"775\" src=\"https:\/\/baw.uav.ro\/wp-content\/uploads\/2024\/06\/432447341_3736819109939928_3779251143609657335_n-461x1024.jpg\" alt=\"\" class=\"wp-image-775\" srcset=\"https:\/\/baw.uav.ro\/wp-content\/uploads\/2024\/06\/432447341_3736819109939928_3779251143609657335_n-461x1024.jpg 461w, https:\/\/baw.uav.ro\/wp-content\/uploads\/2024\/06\/432447341_3736819109939928_3779251143609657335_n-135x300.jpg 135w, https:\/\/baw.uav.ro\/wp-content\/uploads\/2024\/06\/432447341_3736819109939928_3779251143609657335_n-692x1536.jpg 692w, https:\/\/baw.uav.ro\/wp-content\/uploads\/2024\/06\/432447341_3736819109939928_3779251143609657335_n.jpg 721w\" sizes=\"auto, (max-width: 461px) 100vw, 461px\" \/><\/figure>\n\n\n\n<figure class=\"wp-block-image size-large\"><img loading=\"lazy\" decoding=\"async\" width=\"461\" height=\"1024\" data-id=\"773\" src=\"https:\/\/baw.uav.ro\/wp-content\/uploads\/2024\/06\/432447537_3736819463273226_608172769628114962_n-461x1024.jpg\" alt=\"\" class=\"wp-image-773\" srcset=\"https:\/\/baw.uav.ro\/wp-content\/uploads\/2024\/06\/432447537_3736819463273226_608172769628114962_n-461x1024.jpg 461w, https:\/\/baw.uav.ro\/wp-content\/uploads\/2024\/06\/432447537_3736819463273226_608172769628114962_n-135x300.jpg 135w, https:\/\/baw.uav.ro\/wp-content\/uploads\/2024\/06\/432447537_3736819463273226_608172769628114962_n-692x1536.jpg 692w, https:\/\/baw.uav.ro\/wp-content\/uploads\/2024\/06\/432447537_3736819463273226_608172769628114962_n.jpg 721w\" sizes=\"auto, (max-width: 461px) 100vw, 461px\" \/><\/figure>\n\n\n\n<figure class=\"wp-block-image size-large\"><img loading=\"lazy\" decoding=\"async\" width=\"641\" height=\"1024\" data-id=\"776\" src=\"https:\/\/baw.uav.ro\/wp-content\/uploads\/2024\/06\/432256342_3736604696628036_7535978877684608370_n-641x1024.jpg\" alt=\"\" class=\"wp-image-776\" srcset=\"https:\/\/baw.uav.ro\/wp-content\/uploads\/2024\/06\/432256342_3736604696628036_7535978877684608370_n-641x1024.jpg 641w, https:\/\/baw.uav.ro\/wp-content\/uploads\/2024\/06\/432256342_3736604696628036_7535978877684608370_n-188x300.jpg 188w, https:\/\/baw.uav.ro\/wp-content\/uploads\/2024\/06\/432256342_3736604696628036_7535978877684608370_n.jpg 721w\" sizes=\"auto, (max-width: 641px) 100vw, 641px\" \/><\/figure>\n\n\n\n<figure class=\"wp-block-image size-large\"><img loading=\"lazy\" decoding=\"async\" width=\"1024\" height=\"461\" data-id=\"777\" src=\"https:\/\/baw.uav.ro\/wp-content\/uploads\/2024\/06\/432412871_3736603389961500_960267329829191289_n-1024x461.jpg\" alt=\"\" class=\"wp-image-777\" srcset=\"https:\/\/baw.uav.ro\/wp-content\/uploads\/2024\/06\/432412871_3736603389961500_960267329829191289_n-1024x461.jpg 1024w, https:\/\/baw.uav.ro\/wp-content\/uploads\/2024\/06\/432412871_3736603389961500_960267329829191289_n-300x135.jpg 300w, https:\/\/baw.uav.ro\/wp-content\/uploads\/2024\/06\/432412871_3736603389961500_960267329829191289_n-768x346.jpg 768w, https:\/\/baw.uav.ro\/wp-content\/uploads\/2024\/06\/432412871_3736603389961500_960267329829191289_n-1536x692.jpg 1536w, https:\/\/baw.uav.ro\/wp-content\/uploads\/2024\/06\/432412871_3736603389961500_960267329829191289_n.jpg 1600w\" sizes=\"auto, (max-width: 1024px) 100vw, 1024px\" \/><\/figure>\n\n\n\n<figure class=\"wp-block-image size-large\"><img loading=\"lazy\" decoding=\"async\" width=\"461\" height=\"1024\" data-id=\"778\" src=\"https:\/\/baw.uav.ro\/wp-content\/uploads\/2024\/06\/WhatsApp-Image-2024-03-14-at-20.57.48-1-461x1024.jpeg\" alt=\"\" class=\"wp-image-778\" srcset=\"https:\/\/baw.uav.ro\/wp-content\/uploads\/2024\/06\/WhatsApp-Image-2024-03-14-at-20.57.48-1-461x1024.jpeg 461w, https:\/\/baw.uav.ro\/wp-content\/uploads\/2024\/06\/WhatsApp-Image-2024-03-14-at-20.57.48-1-135x300.jpeg 135w, https:\/\/baw.uav.ro\/wp-content\/uploads\/2024\/06\/WhatsApp-Image-2024-03-14-at-20.57.48-1-692x1536.jpeg 692w, https:\/\/baw.uav.ro\/wp-content\/uploads\/2024\/06\/WhatsApp-Image-2024-03-14-at-20.57.48-1.jpeg 721w\" sizes=\"auto, (max-width: 461px) 100vw, 461px\" \/><\/figure>\n<\/figure>\n\n\n\n<p><\/p>\n\n\n\n<p><\/p>\n\n\n\n<h2 class=\"wp-block-heading has-text-align-center\"><strong><em><span class=\"highlight\"><mark style=\"background-color:rgba(0, 0, 0, 0)\" class=\"has-inline-color has-neve-link-color-color\"><strong><em>FESTIVITATEA DE PREMIERE A POSTERELOR C\u00c2\u0218TIG\u0102TOARE<\/em><\/strong><\/mark><\/span><\/em><\/strong><\/h2>\n\n\n\n<p>Coordonatori: <strong>Claudiu Ionescu, Maria T\u0103m\u0103\u0219an, Tiberiu Dughi, C\u0103lin Lucaci<\/strong><br>La Expozi\u021bia- Concurs \u201e<strong>S\u0103pt\u0103m\u00e2na creierului creativ\u201d<\/strong>, comisia de jurizare a acordat trei premii \u0219i dou\u0103 men\u021biuni celor mai reprezentative crea\u021bii ale studen\u021bilor de la <a href=\"https:\/\/design.uav.ro\">Facultatea de Design<\/a>, coordona\u021bi de<strong> Claudiu Ionescu, Maria T\u0103m\u0103\u0219an \u0219i C\u0103lin Lucaci.<\/strong><br>Premiul I \u2013<strong> Ardelean Lucia<\/strong><br>Premiul II \u2013 <strong>Memete Anca<\/strong><br>Premiul III \u2013 <strong>Borsa Damaris<\/strong><br>Men\u021biune \u2013 <strong>B\u0103tr\u00een Ruji\u021ba \u0219i Mihailov Ana-Maria<\/strong><\/p>\n\n\n\n<figure class=\"wp-block-gallery has-nested-images columns-default is-cropped wp-block-gallery-2 is-layout-flex wp-block-gallery-is-layout-flex\">\n<figure class=\"wp-block-image size-large\"><img loading=\"lazy\" decoding=\"async\" width=\"1024\" height=\"681\" data-id=\"779\" src=\"https:\/\/baw.uav.ro\/wp-content\/uploads\/2024\/06\/431864448_3735625976725908_5660624533164286173_n-1-1024x681.jpg\" alt=\"\" class=\"wp-image-779\" srcset=\"https:\/\/baw.uav.ro\/wp-content\/uploads\/2024\/06\/431864448_3735625976725908_5660624533164286173_n-1-1024x681.jpg 1024w, https:\/\/baw.uav.ro\/wp-content\/uploads\/2024\/06\/431864448_3735625976725908_5660624533164286173_n-1-300x200.jpg 300w, https:\/\/baw.uav.ro\/wp-content\/uploads\/2024\/06\/431864448_3735625976725908_5660624533164286173_n-1-768x511.jpg 768w, https:\/\/baw.uav.ro\/wp-content\/uploads\/2024\/06\/431864448_3735625976725908_5660624533164286173_n-1-1536x1021.jpg 1536w, https:\/\/baw.uav.ro\/wp-content\/uploads\/2024\/06\/431864448_3735625976725908_5660624533164286173_n-1.jpg 1600w\" sizes=\"auto, (max-width: 1024px) 100vw, 1024px\" \/><\/figure>\n\n\n\n<figure class=\"wp-block-image size-large\"><img loading=\"lazy\" decoding=\"async\" width=\"1024\" height=\"681\" data-id=\"780\" src=\"https:\/\/baw.uav.ro\/wp-content\/uploads\/2024\/06\/432441615_3736821303273042_6536557526046549825_n-1024x681.jpg\" alt=\"\" class=\"wp-image-780\" srcset=\"https:\/\/baw.uav.ro\/wp-content\/uploads\/2024\/06\/432441615_3736821303273042_6536557526046549825_n-1024x681.jpg 1024w, https:\/\/baw.uav.ro\/wp-content\/uploads\/2024\/06\/432441615_3736821303273042_6536557526046549825_n-300x200.jpg 300w, https:\/\/baw.uav.ro\/wp-content\/uploads\/2024\/06\/432441615_3736821303273042_6536557526046549825_n-768x511.jpg 768w, https:\/\/baw.uav.ro\/wp-content\/uploads\/2024\/06\/432441615_3736821303273042_6536557526046549825_n-1536x1021.jpg 1536w, https:\/\/baw.uav.ro\/wp-content\/uploads\/2024\/06\/432441615_3736821303273042_6536557526046549825_n.jpg 1600w\" sizes=\"auto, (max-width: 1024px) 100vw, 1024px\" \/><\/figure>\n\n\n\n<figure class=\"wp-block-image size-large\"><img loading=\"lazy\" decoding=\"async\" width=\"1024\" height=\"681\" data-id=\"781\" src=\"https:\/\/baw.uav.ro\/wp-content\/uploads\/2024\/06\/431914024_3735625653392607_4269172605383875328_n-1024x681.jpg\" alt=\"\" class=\"wp-image-781\" srcset=\"https:\/\/baw.uav.ro\/wp-content\/uploads\/2024\/06\/431914024_3735625653392607_4269172605383875328_n-1024x681.jpg 1024w, https:\/\/baw.uav.ro\/wp-content\/uploads\/2024\/06\/431914024_3735625653392607_4269172605383875328_n-300x200.jpg 300w, https:\/\/baw.uav.ro\/wp-content\/uploads\/2024\/06\/431914024_3735625653392607_4269172605383875328_n-768x511.jpg 768w, https:\/\/baw.uav.ro\/wp-content\/uploads\/2024\/06\/431914024_3735625653392607_4269172605383875328_n-1536x1021.jpg 1536w, https:\/\/baw.uav.ro\/wp-content\/uploads\/2024\/06\/431914024_3735625653392607_4269172605383875328_n.jpg 1600w\" sizes=\"auto, (max-width: 1024px) 100vw, 1024px\" \/><\/figure>\n\n\n\n<figure class=\"wp-block-image size-large\"><img loading=\"lazy\" decoding=\"async\" width=\"1024\" height=\"681\" data-id=\"782\" src=\"https:\/\/baw.uav.ro\/wp-content\/uploads\/2024\/06\/432263727_3735625780059261_3684800372194803318_n-1024x681.jpg\" alt=\"\" class=\"wp-image-782\" srcset=\"https:\/\/baw.uav.ro\/wp-content\/uploads\/2024\/06\/432263727_3735625780059261_3684800372194803318_n-1024x681.jpg 1024w, https:\/\/baw.uav.ro\/wp-content\/uploads\/2024\/06\/432263727_3735625780059261_3684800372194803318_n-300x200.jpg 300w, https:\/\/baw.uav.ro\/wp-content\/uploads\/2024\/06\/432263727_3735625780059261_3684800372194803318_n-768x511.jpg 768w, https:\/\/baw.uav.ro\/wp-content\/uploads\/2024\/06\/432263727_3735625780059261_3684800372194803318_n-1536x1021.jpg 1536w, https:\/\/baw.uav.ro\/wp-content\/uploads\/2024\/06\/432263727_3735625780059261_3684800372194803318_n.jpg 1600w\" sizes=\"auto, (max-width: 1024px) 100vw, 1024px\" \/><\/figure>\n\n\n\n<figure class=\"wp-block-image size-large\"><img loading=\"lazy\" decoding=\"async\" width=\"1024\" height=\"681\" data-id=\"783\" src=\"https:\/\/baw.uav.ro\/wp-content\/uploads\/2024\/06\/WhatsApp-Image-2024-03-14-at-17.41.11-1-1024x681.jpeg\" alt=\"\" class=\"wp-image-783\" srcset=\"https:\/\/baw.uav.ro\/wp-content\/uploads\/2024\/06\/WhatsApp-Image-2024-03-14-at-17.41.11-1-1024x681.jpeg 1024w, https:\/\/baw.uav.ro\/wp-content\/uploads\/2024\/06\/WhatsApp-Image-2024-03-14-at-17.41.11-1-300x200.jpeg 300w, https:\/\/baw.uav.ro\/wp-content\/uploads\/2024\/06\/WhatsApp-Image-2024-03-14-at-17.41.11-1-768x511.jpeg 768w, https:\/\/baw.uav.ro\/wp-content\/uploads\/2024\/06\/WhatsApp-Image-2024-03-14-at-17.41.11-1-1536x1021.jpeg 1536w, https:\/\/baw.uav.ro\/wp-content\/uploads\/2024\/06\/WhatsApp-Image-2024-03-14-at-17.41.11-1.jpeg 1600w\" sizes=\"auto, (max-width: 1024px) 100vw, 1024px\" \/><\/figure>\n\n\n\n<figure class=\"wp-block-image size-large\"><img loading=\"lazy\" decoding=\"async\" width=\"1024\" height=\"681\" data-id=\"784\" src=\"https:\/\/baw.uav.ro\/wp-content\/uploads\/2024\/06\/WhatsApp-Image-2024-03-14-at-17.41.12-2-1024x681.jpeg\" alt=\"\" class=\"wp-image-784\" srcset=\"https:\/\/baw.uav.ro\/wp-content\/uploads\/2024\/06\/WhatsApp-Image-2024-03-14-at-17.41.12-2-1024x681.jpeg 1024w, https:\/\/baw.uav.ro\/wp-content\/uploads\/2024\/06\/WhatsApp-Image-2024-03-14-at-17.41.12-2-300x200.jpeg 300w, https:\/\/baw.uav.ro\/wp-content\/uploads\/2024\/06\/WhatsApp-Image-2024-03-14-at-17.41.12-2-768x511.jpeg 768w, https:\/\/baw.uav.ro\/wp-content\/uploads\/2024\/06\/WhatsApp-Image-2024-03-14-at-17.41.12-2-1536x1021.jpeg 1536w, https:\/\/baw.uav.ro\/wp-content\/uploads\/2024\/06\/WhatsApp-Image-2024-03-14-at-17.41.12-2.jpeg 1600w\" sizes=\"auto, (max-width: 1024px) 100vw, 1024px\" \/><\/figure>\n<\/figure>\n\n\n\n<p class=\"has-text-align-center\"><strong><em><mark style=\"background-color:rgba(0, 0, 0, 0)\" class=\"has-inline-color has-neve-link-color-color\"><mark style=\"background-color:rgba(0, 0, 0, 0)\" class=\"has-inline-color has-neve-link-color-color\"><\/mark><\/mark><\/em><\/strong><\/p>\n\n\n\n<h2 class=\"wp-block-heading has-text-align-center\"><strong><em><mark style=\"background-color:rgba(0, 0, 0, 0)\" class=\"has-inline-color has-neve-link-color-color\"><strong><em>SIMULTAN DE \u0218AH:&nbsp; ANTRENEAZ\u0102-\u021aI CREIERUL CU SPORTUL MIN\u021aII<\/em><\/strong><\/mark><\/em><\/strong><br><\/h2>\n\n\n\n<p>Coordonator: <strong>av. Bogdan Ionescu \u0219i Vanina\u00a0Adoriana\u00a0Trifan<\/strong><br>\u00cen Simultanul de \u0219ah (la 13 mese) au fost implica\u021bi 13 elevi cu v\u00e2rste \u00eentre 10-14 ani, fiind sus\u021binut de avocatul <strong>Bogdan Ionescu<\/strong>, Elo Fide 2295, Pre\u0219edintele Comisiei de Etic\u0103 \u0219i Disciplin\u0103 a Federa\u021biei Rom\u00e2ne de \u0218ah, autorul lucr\u0103rii \u201eMorala \u0219ahului\u201d (Editura Neverland, 2022).<br>Au fost prezen\u021bi avocat <strong>Alin C\u00e2mpeanu<\/strong>, pre\u0219edintele \u0218ah Club Vados Arad \u0219i <strong>Cosma Mitic\u0103<\/strong>, profesor \u00een cadrul Cercului \u201e\u0218ah\u201d la Palatul Copiilor Arad \u0219i membru \u00een cadrul Comisiei \u0218ah \u00een \u0219coal\u0103 &#8211; copii, juniori \u0219i tineret &#8211; a Federa\u021biei Rom\u00e2ne de \u0218ah. Una dintre partidele premiate, \u00een mod remarcabil, a urmat exact primele 16 mut\u0103ri dintr-o partid\u0103 disputat\u0103 \u00een anul 1892 \u00eentre doi mari mae\u0219tri ai vremii, anume S. Tarrasch vs. G. Marco.<\/p>\n\n\n\n<figure class=\"wp-block-gallery has-nested-images columns-default is-cropped wp-block-gallery-3 is-layout-flex wp-block-gallery-is-layout-flex\">\n<figure class=\"wp-block-image size-large\"><img loading=\"lazy\" decoding=\"async\" width=\"1024\" height=\"768\" data-id=\"786\" src=\"https:\/\/baw.uav.ro\/wp-content\/uploads\/2024\/06\/431867575_3735627310059108_3265578919353074506_n-1-1024x768.jpg\" alt=\"\" class=\"wp-image-786\" srcset=\"https:\/\/baw.uav.ro\/wp-content\/uploads\/2024\/06\/431867575_3735627310059108_3265578919353074506_n-1-1024x768.jpg 1024w, https:\/\/baw.uav.ro\/wp-content\/uploads\/2024\/06\/431867575_3735627310059108_3265578919353074506_n-1-300x225.jpg 300w, https:\/\/baw.uav.ro\/wp-content\/uploads\/2024\/06\/431867575_3735627310059108_3265578919353074506_n-1-768x576.jpg 768w, https:\/\/baw.uav.ro\/wp-content\/uploads\/2024\/06\/431867575_3735627310059108_3265578919353074506_n-1-1536x1152.jpg 1536w, https:\/\/baw.uav.ro\/wp-content\/uploads\/2024\/06\/431867575_3735627310059108_3265578919353074506_n-1.jpg 1600w\" sizes=\"auto, (max-width: 1024px) 100vw, 1024px\" \/><\/figure>\n\n\n\n<figure class=\"wp-block-image size-large\"><img loading=\"lazy\" decoding=\"async\" width=\"768\" height=\"1024\" data-id=\"787\" src=\"https:\/\/baw.uav.ro\/wp-content\/uploads\/2024\/06\/431859799_3735627056725800_6238532116448896162_n-768x1024.jpg\" alt=\"\" class=\"wp-image-787\" srcset=\"https:\/\/baw.uav.ro\/wp-content\/uploads\/2024\/06\/431859799_3735627056725800_6238532116448896162_n-768x1024.jpg 768w, https:\/\/baw.uav.ro\/wp-content\/uploads\/2024\/06\/431859799_3735627056725800_6238532116448896162_n-225x300.jpg 225w, https:\/\/baw.uav.ro\/wp-content\/uploads\/2024\/06\/431859799_3735627056725800_6238532116448896162_n-1152x1536.jpg 1152w, https:\/\/baw.uav.ro\/wp-content\/uploads\/2024\/06\/431859799_3735627056725800_6238532116448896162_n.jpg 1200w\" sizes=\"auto, (max-width: 768px) 100vw, 768px\" \/><\/figure>\n\n\n\n<figure class=\"wp-block-image size-large\"><img loading=\"lazy\" decoding=\"async\" width=\"1024\" height=\"768\" data-id=\"788\" src=\"https:\/\/baw.uav.ro\/wp-content\/uploads\/2024\/06\/431880699_3735627703392402_2469382252529213311_n-1024x768.jpg\" alt=\"\" class=\"wp-image-788\" srcset=\"https:\/\/baw.uav.ro\/wp-content\/uploads\/2024\/06\/431880699_3735627703392402_2469382252529213311_n-1024x768.jpg 1024w, https:\/\/baw.uav.ro\/wp-content\/uploads\/2024\/06\/431880699_3735627703392402_2469382252529213311_n-300x225.jpg 300w, https:\/\/baw.uav.ro\/wp-content\/uploads\/2024\/06\/431880699_3735627703392402_2469382252529213311_n-768x576.jpg 768w, https:\/\/baw.uav.ro\/wp-content\/uploads\/2024\/06\/431880699_3735627703392402_2469382252529213311_n-1536x1152.jpg 1536w, https:\/\/baw.uav.ro\/wp-content\/uploads\/2024\/06\/431880699_3735627703392402_2469382252529213311_n.jpg 1600w\" sizes=\"auto, (max-width: 1024px) 100vw, 1024px\" \/><\/figure>\n<\/figure>\n<\/div>\n\n\n\n<div class=\"wp-block-column is-layout-flow wp-block-column-is-layout-flow\" style=\"flex-basis:10%\"><\/div>\n<\/div>\n","protected":false},"excerpt":{"rendered":"<p>14 MARTIE 2024 WORKSHOP CADRE DIDACTICE Profesioni\u0219ti \u00een educa\u021bie Neuro\u0219tiin\u021bele \u0219i viitorul \u00eenv\u0103\u021b\u0103riiFacultatea de \u0218tiin\u021be ale Educa\u021biei, Psihologie \u0219i Asisten\u021b\u0103 Social\u0103Coordonator: Alina RomanUn num\u0103r de 35 de profesori din \u00eenv\u0103\u021b\u0103m\u00e2ntul primar \u0219i pre\u0219colar au participat la acest workshop \u00een cadrul c\u0103ruia au abordat leg\u0103tura dintre neuro\u0219tiin\u021be \u0219i \u00eenv\u0103\u021bare. Modelul din \u0219tiin\u021ba \u00eenv\u0103\u021b\u0103rii analizat \u0219i experimentat&hellip;&nbsp;<a href=\"https:\/\/baw.uav.ro\/index.php\/day4\/\" class=\"\" rel=\"bookmark\">Read More &raquo;<span class=\"screen-reader-text\">Ziua 4<\/span><\/a><\/p>\n","protected":false},"author":1,"featured_media":0,"parent":0,"menu_order":0,"comment_status":"closed","ping_status":"closed","template":"","meta":{"neve_meta_sidebar":"","neve_meta_container":"default","neve_meta_enable_content_width":"","neve_meta_content_width":0,"neve_meta_title_alignment":"","neve_meta_author_avatar":"","neve_post_elements_order":"","neve_meta_disable_header":"","neve_meta_disable_footer":"","neve_meta_disable_title":"on","_themeisle_gutenberg_block_has_review":false,"footnotes":""},"class_list":["post-677","page","type-page","status-publish","hentry"],"_links":{"self":[{"href":"https:\/\/baw.uav.ro\/index.php\/wp-json\/wp\/v2\/pages\/677","targetHints":{"allow":["GET"]}}],"collection":[{"href":"https:\/\/baw.uav.ro\/index.php\/wp-json\/wp\/v2\/pages"}],"about":[{"href":"https:\/\/baw.uav.ro\/index.php\/wp-json\/wp\/v2\/types\/page"}],"author":[{"embeddable":true,"href":"https:\/\/baw.uav.ro\/index.php\/wp-json\/wp\/v2\/users\/1"}],"replies":[{"embeddable":true,"href":"https:\/\/baw.uav.ro\/index.php\/wp-json\/wp\/v2\/comments?post=677"}],"version-history":[{"count":4,"href":"https:\/\/baw.uav.ro\/index.php\/wp-json\/wp\/v2\/pages\/677\/revisions"}],"predecessor-version":[{"id":803,"href":"https:\/\/baw.uav.ro\/index.php\/wp-json\/wp\/v2\/pages\/677\/revisions\/803"}],"wp:attachment":[{"href":"https:\/\/baw.uav.ro\/index.php\/wp-json\/wp\/v2\/media?parent=677"}],"curies":[{"name":"wp","href":"https:\/\/api.w.org\/{rel}","templated":true}]}}