{"id":678,"date":"2024-03-15T21:43:05","date_gmt":"2024-03-15T21:43:05","guid":{"rendered":"https:\/\/baw.uav.ro\/?page_id=678"},"modified":"2024-06-17T21:29:43","modified_gmt":"2024-06-17T21:29:43","slug":"day5","status":"publish","type":"page","link":"https:\/\/baw.uav.ro\/index.php\/day5\/","title":{"rendered":"Ziua 5"},"content":{"rendered":"\n<div style=\"height:40px\" aria-hidden=\"true\" class=\"wp-block-spacer\"><\/div>\n\n\n\n<p><strong>15 MARTIE 2024<\/strong><\/p>\n\n\n\n<div class=\"wp-block-columns is-layout-flex wp-container-core-columns-is-layout-9d6595d7 wp-block-columns-is-layout-flex\">\n<div class=\"wp-block-column is-layout-flow wp-block-column-is-layout-flow\" style=\"flex-basis:10%\"><\/div>\n\n\n\n<div class=\"wp-block-column is-layout-flow wp-block-column-is-layout-flow\" style=\"flex-basis:80%\">\n<h2 class=\"wp-block-heading has-text-align-center\"><strong><em><mark style=\"background-color:rgba(0, 0, 0, 0)\" class=\"has-inline-color has-neve-link-color-color\"><strong><em>CAFENEAUA \u0218TIIN\u021aIFIC\u0102<\/em><\/strong><\/mark><\/em><\/strong><\/h2>\n\n\n\n<p>Cafeneaua \u0219tiin\u021bific\u0103 a fost evenimentul care a \u00eencheiat <strong>Brain Awareness Week<\/strong>. Inspira\u021bi de aroma cafelei, \u00eentr-un cadru nonformal deosebit de pl\u0103cut,&nbsp; membri ai echipei de organizare, studen\u021bi \u0219i cadre didactice au discutat despre importan\u021ba promov\u0103rii rezultatelor cercet\u0103rilor asupra creierului, au \u00eemp\u0103rt\u0103\u0219it impresii \u0219i concluzii privind desf\u0103\u0219urarea \u0219i impactul proiectului \u00een r\u00e2ndul participan\u021bilor implica\u021bi \u00een mod direct. Dar mai ales, deja se profilau noi activit\u0103\u021bi pentru edi\u021bia BAW 2025.<\/p>\n\n\n\n<p>Cu sprijinul financiar oferit \u00een cadrul grantului de <a href=\"https:\/\/dana.org\">Dana Foundation<\/a> prin <a href=\"https:\/\/www.fens.org\/\">FENS<\/a>, proiectul <strong>My Amazing Brain <\/strong>&nbsp;a reu\u0219it s\u0103 atrag\u0103 un public divers ca nivel de v\u00e2rst\u0103, educa\u021bie \u0219i profesie. \u00cen activit\u0103\u021bile desf\u0103\u0219urate au fost implica\u021bi cercet\u0103tori, cadre didactice, elevi, studen\u021bi, membri ai comunit\u0103\u021bii locale, astfel \u00eenc\u00e2t peste <strong>500 <\/strong>de persoane au participat sub diverse forme &nbsp;la evenimentele de promovare a con\u0219tientiz\u0103rii creierului.<\/p>\n\n\n\n<figure class=\"wp-block-gallery has-nested-images columns-default is-cropped wp-block-gallery-1 is-layout-flex wp-block-gallery-is-layout-flex\">\n<figure class=\"wp-block-image size-large\"><img loading=\"lazy\" decoding=\"async\" width=\"1024\" height=\"577\" data-id=\"790\" src=\"https:\/\/baw.uav.ro\/wp-content\/uploads\/2024\/06\/431918882_3736263783328794_6317444511126287447_n-1024x577.jpg\" alt=\"\" class=\"wp-image-790\" srcset=\"https:\/\/baw.uav.ro\/wp-content\/uploads\/2024\/06\/431918882_3736263783328794_6317444511126287447_n-1024x577.jpg 1024w, https:\/\/baw.uav.ro\/wp-content\/uploads\/2024\/06\/431918882_3736263783328794_6317444511126287447_n-300x169.jpg 300w, https:\/\/baw.uav.ro\/wp-content\/uploads\/2024\/06\/431918882_3736263783328794_6317444511126287447_n-768x432.jpg 768w, https:\/\/baw.uav.ro\/wp-content\/uploads\/2024\/06\/431918882_3736263783328794_6317444511126287447_n-1536x865.jpg 1536w, https:\/\/baw.uav.ro\/wp-content\/uploads\/2024\/06\/431918882_3736263783328794_6317444511126287447_n.jpg 2000w\" sizes=\"auto, (max-width: 1024px) 100vw, 1024px\" \/><\/figure>\n<\/figure>\n\n\n\n<p><\/p>\n<\/div>\n\n\n\n<div class=\"wp-block-column is-layout-flow wp-block-column-is-layout-flow\" style=\"flex-basis:10%\"><\/div>\n<\/div>\n","protected":false},"excerpt":{"rendered":"<p>15 MARTIE 2024 CAFENEAUA \u0218TIIN\u021aIFIC\u0102 Cafeneaua \u0219tiin\u021bific\u0103 a fost evenimentul care a \u00eencheiat Brain Awareness Week. Inspira\u021bi de aroma cafelei, \u00eentr-un cadru nonformal deosebit de pl\u0103cut,&nbsp; membri ai echipei de organizare, studen\u021bi \u0219i cadre didactice au discutat despre importan\u021ba promov\u0103rii rezultatelor cercet\u0103rilor asupra creierului, au \u00eemp\u0103rt\u0103\u0219it impresii \u0219i concluzii privind desf\u0103\u0219urarea \u0219i impactul proiectului \u00een&hellip;&nbsp;<a href=\"https:\/\/baw.uav.ro\/index.php\/day5\/\" class=\"\" rel=\"bookmark\">Read More &raquo;<span class=\"screen-reader-text\">Ziua 5<\/span><\/a><\/p>\n","protected":false},"author":1,"featured_media":0,"parent":0,"menu_order":0,"comment_status":"closed","ping_status":"closed","template":"","meta":{"neve_meta_sidebar":"","neve_meta_container":"default","neve_meta_enable_content_width":"","neve_meta_content_width":0,"neve_meta_title_alignment":"","neve_meta_author_avatar":"","neve_post_elements_order":"","neve_meta_disable_header":"","neve_meta_disable_footer":"","neve_meta_disable_title":"on","_themeisle_gutenberg_block_has_review":false,"footnotes":""},"class_list":["post-678","page","type-page","status-publish","hentry"],"_links":{"self":[{"href":"https:\/\/baw.uav.ro\/index.php\/wp-json\/wp\/v2\/pages\/678","targetHints":{"allow":["GET"]}}],"collection":[{"href":"https:\/\/baw.uav.ro\/index.php\/wp-json\/wp\/v2\/pages"}],"about":[{"href":"https:\/\/baw.uav.ro\/index.php\/wp-json\/wp\/v2\/types\/page"}],"author":[{"embeddable":true,"href":"https:\/\/baw.uav.ro\/index.php\/wp-json\/wp\/v2\/users\/1"}],"replies":[{"embeddable":true,"href":"https:\/\/baw.uav.ro\/index.php\/wp-json\/wp\/v2\/comments?post=678"}],"version-history":[{"count":4,"href":"https:\/\/baw.uav.ro\/index.php\/wp-json\/wp\/v2\/pages\/678\/revisions"}],"predecessor-version":[{"id":791,"href":"https:\/\/baw.uav.ro\/index.php\/wp-json\/wp\/v2\/pages\/678\/revisions\/791"}],"wp:attachment":[{"href":"https:\/\/baw.uav.ro\/index.php\/wp-json\/wp\/v2\/media?parent=678"}],"curies":[{"name":"wp","href":"https:\/\/api.w.org\/{rel}","templated":true}]}}